{"id":27,"date":"2022-04-25T22:42:31","date_gmt":"2022-04-25T20:42:31","guid":{"rendered":"https:\/\/www.orgueachablis.fr\/?page_id=27"},"modified":"2023-06-10T21:36:42","modified_gmt":"2023-06-10T19:36:42","slug":"a-propos","status":"publish","type":"page","link":"https:\/\/www.orgueachablis.fr\/?page_id=27","title":{"rendered":"A propos"},"content":{"rendered":"\t\t<div data-elementor-type=\"wp-page\" data-elementor-id=\"27\" class=\"elementor elementor-27\" data-elementor-post-type=\"page\">\n\t\t\t\t\t\t<section class=\"elementor-section elementor-top-section elementor-element elementor-element-9d92e6b elementor-section-boxed elementor-section-height-default elementor-section-height-default\" data-id=\"9d92e6b\" data-element_type=\"section\">\n\t\t\t\t\t\t<div class=\"elementor-container elementor-column-gap-default\">\n\t\t\t\t\t<div class=\"elementor-column elementor-col-100 elementor-top-column elementor-element elementor-element-b1011ac\" data-id=\"b1011ac\" data-element_type=\"column\">\n\t\t\t<div class=\"elementor-widget-wrap elementor-element-populated\">\n\t\t\t\t\t\t<div class=\"elementor-element elementor-element-bdd4b73 elementor-widget elementor-widget-heading\" data-id=\"bdd4b73\" data-element_type=\"widget\" data-widget_type=\"heading.default\">\n\t\t\t\t<div class=\"elementor-widget-container\">\n\t\t\t<h2 class=\"elementor-heading-title elementor-size-default\"><i>Un festival in\u00e9dit<\/i><\/h2>\t\t<\/div>\n\t\t\t\t<\/div>\n\t\t\t\t\t<\/div>\n\t\t<\/div>\n\t\t\t\t\t<\/div>\n\t\t<\/section>\n\t\t\t\t<section class=\"elementor-section elementor-top-section elementor-element elementor-element-72ca1c6 elementor-section-boxed elementor-section-height-default elementor-section-height-default\" data-id=\"72ca1c6\" data-element_type=\"section\">\n\t\t\t\t\t\t<div class=\"elementor-container elementor-column-gap-default\">\n\t\t\t\t\t<div class=\"elementor-column elementor-col-100 elementor-top-column elementor-element elementor-element-1c607b3\" data-id=\"1c607b3\" data-element_type=\"column\">\n\t\t\t<div class=\"elementor-widget-wrap elementor-element-populated\">\n\t\t\t\t\t\t<div class=\"elementor-element elementor-element-bead47f elementor-widget elementor-widget-text-editor\" data-id=\"bead47f\" data-element_type=\"widget\" data-widget_type=\"text-editor.default\">\n\t\t\t\t<div class=\"elementor-widget-container\">\n\t\t\t\t\t\t\t<p>L&rsquo;histoire du festival Orgue \u00e0 Chablis commence en octobre 2020, entre deux confinements. Ophelia Amar, S\u00e9bastien Avril et Marie-Louise Tocco, alors \u00e9tudiants organistes au Conservatoire \u00e0 Rayonnement R\u00e9gional de Saint-Maur-des-Foss\u00e9s, proposent un concert d&rsquo;orgue \u00e0 la coll\u00e9giale Saint-Martin qui remporte un franc succ\u00e8s.<\/p>\t\t\t\t\t\t<\/div>\n\t\t\t\t<\/div>\n\t\t\t\t\t<\/div>\n\t\t<\/div>\n\t\t\t\t\t<\/div>\n\t\t<\/section>\n\t\t\t\t<section class=\"elementor-section elementor-top-section elementor-element elementor-element-0c763f5 elementor-section-boxed elementor-section-height-default elementor-section-height-default\" data-id=\"0c763f5\" data-element_type=\"section\">\n\t\t\t\t\t\t<div class=\"elementor-container elementor-column-gap-default\">\n\t\t\t\t\t<div class=\"elementor-column elementor-col-100 elementor-top-column elementor-element elementor-element-48d3f86\" data-id=\"48d3f86\" data-element_type=\"column\">\n\t\t\t<div class=\"elementor-widget-wrap elementor-element-populated\">\n\t\t\t\t\t\t<div class=\"elementor-element elementor-element-a54b055 elementor-widget elementor-widget-image\" data-id=\"a54b055\" data-element_type=\"widget\" data-widget_type=\"image.default\">\n\t\t\t\t<div class=\"elementor-widget-container\">\n\t\t\t\t\t\t\t\t\t\t\t\t\t<img fetchpriority=\"high\" decoding=\"async\" width=\"602\" height=\"853\" src=\"https:\/\/www.orgueachablis.fr\/wp-content\/uploads\/2022\/04\/Affiche-Chablis-27.10.2020.png\" class=\"attachment-large size-large wp-image-125\" alt=\"\" srcset=\"https:\/\/www.orgueachablis.fr\/wp-content\/uploads\/2022\/04\/Affiche-Chablis-27.10.2020.png 602w, https:\/\/www.orgueachablis.fr\/wp-content\/uploads\/2022\/04\/Affiche-Chablis-27.10.2020-212x300.png 212w\" sizes=\"(max-width: 602px) 100vw, 602px\" \/>\t\t\t\t\t\t\t\t\t\t\t\t\t<\/div>\n\t\t\t\t<\/div>\n\t\t\t\t\t<\/div>\n\t\t<\/div>\n\t\t\t\t\t<\/div>\n\t\t<\/section>\n\t\t\t\t<section class=\"elementor-section elementor-top-section elementor-element elementor-element-1cebd81 elementor-section-boxed elementor-section-height-default elementor-section-height-default\" data-id=\"1cebd81\" data-element_type=\"section\">\n\t\t\t\t\t\t<div class=\"elementor-container elementor-column-gap-default\">\n\t\t\t\t\t<div class=\"elementor-column elementor-col-100 elementor-top-column elementor-element elementor-element-7b27461\" data-id=\"7b27461\" data-element_type=\"column\">\n\t\t\t<div class=\"elementor-widget-wrap elementor-element-populated\">\n\t\t\t\t\t\t<div class=\"elementor-element elementor-element-4be7be5 elementor-widget elementor-widget-text-editor\" data-id=\"4be7be5\" data-element_type=\"widget\" data-widget_type=\"text-editor.default\">\n\t\t\t\t<div class=\"elementor-widget-container\">\n\t\t\t\t\t\t\t<p>Le plaisir de pouvoir jouer sur ce bel instrument et dans ce cadre exceptionnel fit murir de nouvelles id\u00e9es. Avec l&rsquo;accord du P\u00e8re Patrick Royannais et de son successeur Guillaume Michel, un festival d&rsquo;\u00e9t\u00e9 autour de l&rsquo;orgue de Chablis peut maintenant avoir lieu. L&rsquo;objectif du festival est de proposer \u00e0 la fois des concerts, des conf\u00e9rences et des ateliers de d\u00e9couverte de l&rsquo;orgue, afin de lui donner une plus grande visibilit\u00e9 et de permettre au public de d\u00e9couvrir un r\u00e9pertoire original et innovant, tout en restant dans les canons du concert de musique <em>classique<\/em>.<\/p>\t\t\t\t\t\t<\/div>\n\t\t\t\t<\/div>\n\t\t\t\t\t<\/div>\n\t\t<\/div>\n\t\t\t\t\t<\/div>\n\t\t<\/section>\n\t\t\t\t<section class=\"elementor-section elementor-top-section elementor-element elementor-element-1daae97 elementor-section-boxed elementor-section-height-default elementor-section-height-default\" data-id=\"1daae97\" data-element_type=\"section\">\n\t\t\t\t\t\t<div class=\"elementor-container elementor-column-gap-default\">\n\t\t\t\t\t<div class=\"elementor-column elementor-col-100 elementor-top-column elementor-element elementor-element-caf05f6\" data-id=\"caf05f6\" data-element_type=\"column\">\n\t\t\t<div class=\"elementor-widget-wrap elementor-element-populated\">\n\t\t\t\t\t\t<div class=\"elementor-element elementor-element-6e56724 elementor-widget elementor-widget-heading\" data-id=\"6e56724\" data-element_type=\"widget\" data-widget_type=\"heading.default\">\n\t\t\t\t<div class=\"elementor-widget-container\">\n\t\t\t<h6 class=\"elementor-heading-title elementor-size-default\"><a href=\"https:\/\/www.orgueachablis.fr\/?page_id=282\">Soyez les bienvenus \u00e0 la coll\u00e9giale Saint-Martin les 21, 22 et 23 juillet prochains !<\/a><\/h6>\t\t<\/div>\n\t\t\t\t<\/div>\n\t\t\t\t\t<\/div>\n\t\t<\/div>\n\t\t\t\t\t<\/div>\n\t\t<\/section>\n\t\t\t\t<\/div>\n\t\t","protected":false},"excerpt":{"rendered":"<p>Un festival in\u00e9dit L&rsquo;histoire du festival Orgue \u00e0 Chablis commence en octobre 2020, entre deux confinements. Ophelia Amar, S\u00e9bastien Avril et Marie-Louise Tocco, alors \u00e9tudiants&#8230;<\/p>\n","protected":false},"author":1,"featured_media":0,"parent":0,"menu_order":0,"comment_status":"closed","ping_status":"closed","template":"","meta":{"footnotes":""},"class_list":["post-27","page","type-page","status-publish","hentry"],"yoast_head":"<!-- This site is optimized with the Yoast SEO plugin v27.4 - https:\/\/yoast.com\/product\/yoast-seo-wordpress\/ -->\n<title>A propos - Orgue \u00e0 Chablis<\/title>\n<meta name=\"description\" content=\"Un festival in\u00e9dit... L\u2019histoire du festival Orgue \u00e0 Chablis commence en octobre 2020 : Ophelia Amar, S\u00e9bastien Avril et Marie-Louise Tocco..\" \/>\n<meta name=\"robots\" content=\"index, follow, max-snippet:-1, max-image-preview:large, max-video-preview:-1\" \/>\n<link rel=\"canonical\" href=\"https:\/\/www.orgueachablis.fr\/?page_id=27\" \/>\n<meta property=\"og:locale\" content=\"fr_FR\" \/>\n<meta property=\"og:type\" content=\"article\" \/>\n<meta property=\"og:title\" content=\"A propos - Orgue \u00e0 Chablis\" \/>\n<meta property=\"og:description\" content=\"Un festival in\u00e9dit... L\u2019histoire du festival Orgue \u00e0 Chablis commence en octobre 2020 : Ophelia Amar, S\u00e9bastien Avril et Marie-Louise Tocco..\" \/>\n<meta property=\"og:url\" content=\"https:\/\/www.orgueachablis.fr\/?page_id=27\" \/>\n<meta property=\"og:site_name\" content=\"Orgue \u00e0 Chablis\" \/>\n<meta property=\"article:publisher\" content=\"https:\/\/www.facebook.com\/orgueachablis\" \/>\n<meta property=\"article:modified_time\" content=\"2023-06-10T19:36:42+00:00\" \/>\n<meta property=\"og:image\" content=\"http:\/\/www.orgueachablis.fr\/wp-content\/uploads\/2022\/04\/Affiche-Chablis-27.10.2020.png\" \/>\n<meta name=\"twitter:card\" content=\"summary_large_image\" \/>\n<meta name=\"twitter:label1\" content=\"Dur\u00e9e de lecture estim\u00e9e\" \/>\n\t<meta name=\"twitter:data1\" content=\"1 minute\" \/>\n<script type=\"application\/ld+json\" class=\"yoast-schema-graph\">{\"@context\":\"https:\\\/\\\/schema.org\",\"@graph\":[{\"@type\":\"WebPage\",\"@id\":\"https:\\\/\\\/www.orgueachablis.fr\\\/?page_id=27\",\"url\":\"https:\\\/\\\/www.orgueachablis.fr\\\/?page_id=27\",\"name\":\"A propos - Orgue \u00e0 Chablis\",\"isPartOf\":{\"@id\":\"https:\\\/\\\/www.orgueachablis.fr\\\/#website\"},\"primaryImageOfPage\":{\"@id\":\"https:\\\/\\\/www.orgueachablis.fr\\\/?page_id=27#primaryimage\"},\"image\":{\"@id\":\"https:\\\/\\\/www.orgueachablis.fr\\\/?page_id=27#primaryimage\"},\"thumbnailUrl\":\"http:\\\/\\\/www.orgueachablis.fr\\\/wp-content\\\/uploads\\\/2022\\\/04\\\/Affiche-Chablis-27.10.2020.png\",\"datePublished\":\"2022-04-25T20:42:31+00:00\",\"dateModified\":\"2023-06-10T19:36:42+00:00\",\"description\":\"Un festival in\u00e9dit... L\u2019histoire du festival Orgue \u00e0 Chablis commence en octobre 2020 : Ophelia Amar, S\u00e9bastien Avril et Marie-Louise Tocco..\",\"breadcrumb\":{\"@id\":\"https:\\\/\\\/www.orgueachablis.fr\\\/?page_id=27#breadcrumb\"},\"inLanguage\":\"fr-FR\",\"potentialAction\":[{\"@type\":\"ReadAction\",\"target\":[\"https:\\\/\\\/www.orgueachablis.fr\\\/?page_id=27\"]}]},{\"@type\":\"ImageObject\",\"inLanguage\":\"fr-FR\",\"@id\":\"https:\\\/\\\/www.orgueachablis.fr\\\/?page_id=27#primaryimage\",\"url\":\"https:\\\/\\\/www.orgueachablis.fr\\\/wp-content\\\/uploads\\\/2022\\\/04\\\/Affiche-Chablis-27.10.2020.png\",\"contentUrl\":\"https:\\\/\\\/www.orgueachablis.fr\\\/wp-content\\\/uploads\\\/2022\\\/04\\\/Affiche-Chablis-27.10.2020.png\",\"width\":602,\"height\":853},{\"@type\":\"BreadcrumbList\",\"@id\":\"https:\\\/\\\/www.orgueachablis.fr\\\/?page_id=27#breadcrumb\",\"itemListElement\":[{\"@type\":\"ListItem\",\"position\":1,\"name\":\"Accueil\",\"item\":\"https:\\\/\\\/www.orgueachablis.fr\\\/\"},{\"@type\":\"ListItem\",\"position\":2,\"name\":\"A propos\"}]},{\"@type\":\"WebSite\",\"@id\":\"https:\\\/\\\/www.orgueachablis.fr\\\/#website\",\"url\":\"https:\\\/\\\/www.orgueachablis.fr\\\/\",\"name\":\"Orgue \u00e0 Chablis\",\"description\":\"Un Festival In\u00e9dit\",\"publisher\":{\"@id\":\"https:\\\/\\\/www.orgueachablis.fr\\\/#organization\"},\"potentialAction\":[{\"@type\":\"SearchAction\",\"target\":{\"@type\":\"EntryPoint\",\"urlTemplate\":\"https:\\\/\\\/www.orgueachablis.fr\\\/?s={search_term_string}\"},\"query-input\":{\"@type\":\"PropertyValueSpecification\",\"valueRequired\":true,\"valueName\":\"search_term_string\"}}],\"inLanguage\":\"fr-FR\"},{\"@type\":\"Organization\",\"@id\":\"https:\\\/\\\/www.orgueachablis.fr\\\/#organization\",\"name\":\"Orgue \u00e0 Chablis\",\"url\":\"https:\\\/\\\/www.orgueachablis.fr\\\/\",\"logo\":{\"@type\":\"ImageObject\",\"inLanguage\":\"fr-FR\",\"@id\":\"https:\\\/\\\/www.orgueachablis.fr\\\/#\\\/schema\\\/logo\\\/image\\\/\",\"url\":\"http:\\\/\\\/www.orgueachablis.fr\\\/wp-content\\\/uploads\\\/2022\\\/05\\\/cropped-WhatsApp-Image-2022-05-09-at-00.27.37-1.jpeg\",\"contentUrl\":\"http:\\\/\\\/www.orgueachablis.fr\\\/wp-content\\\/uploads\\\/2022\\\/05\\\/cropped-WhatsApp-Image-2022-05-09-at-00.27.37-1.jpeg\",\"width\":1700,\"height\":750,\"caption\":\"Orgue \u00e0 Chablis\"},\"image\":{\"@id\":\"https:\\\/\\\/www.orgueachablis.fr\\\/#\\\/schema\\\/logo\\\/image\\\/\"},\"sameAs\":[\"https:\\\/\\\/www.facebook.com\\\/orgueachablis\"]}]}<\/script>\n<!-- \/ Yoast SEO plugin. -->","yoast_head_json":{"title":"A propos - Orgue \u00e0 Chablis","description":"Un festival in\u00e9dit... L\u2019histoire du festival Orgue \u00e0 Chablis commence en octobre 2020 : Ophelia Amar, S\u00e9bastien Avril et Marie-Louise Tocco..","robots":{"index":"index","follow":"follow","max-snippet":"max-snippet:-1","max-image-preview":"max-image-preview:large","max-video-preview":"max-video-preview:-1"},"canonical":"https:\/\/www.orgueachablis.fr\/?page_id=27","og_locale":"fr_FR","og_type":"article","og_title":"A propos - Orgue \u00e0 Chablis","og_description":"Un festival in\u00e9dit... L\u2019histoire du festival Orgue \u00e0 Chablis commence en octobre 2020 : Ophelia Amar, S\u00e9bastien Avril et Marie-Louise Tocco..","og_url":"https:\/\/www.orgueachablis.fr\/?page_id=27","og_site_name":"Orgue \u00e0 Chablis","article_publisher":"https:\/\/www.facebook.com\/orgueachablis","article_modified_time":"2023-06-10T19:36:42+00:00","og_image":[{"url":"http:\/\/www.orgueachablis.fr\/wp-content\/uploads\/2022\/04\/Affiche-Chablis-27.10.2020.png","type":"","width":"","height":""}],"twitter_card":"summary_large_image","twitter_misc":{"Dur\u00e9e de lecture estim\u00e9e":"1 minute"},"schema":{"@context":"https:\/\/schema.org","@graph":[{"@type":"WebPage","@id":"https:\/\/www.orgueachablis.fr\/?page_id=27","url":"https:\/\/www.orgueachablis.fr\/?page_id=27","name":"A propos - Orgue \u00e0 Chablis","isPartOf":{"@id":"https:\/\/www.orgueachablis.fr\/#website"},"primaryImageOfPage":{"@id":"https:\/\/www.orgueachablis.fr\/?page_id=27#primaryimage"},"image":{"@id":"https:\/\/www.orgueachablis.fr\/?page_id=27#primaryimage"},"thumbnailUrl":"http:\/\/www.orgueachablis.fr\/wp-content\/uploads\/2022\/04\/Affiche-Chablis-27.10.2020.png","datePublished":"2022-04-25T20:42:31+00:00","dateModified":"2023-06-10T19:36:42+00:00","description":"Un festival in\u00e9dit... L\u2019histoire du festival Orgue \u00e0 Chablis commence en octobre 2020 : Ophelia Amar, S\u00e9bastien Avril et Marie-Louise Tocco..","breadcrumb":{"@id":"https:\/\/www.orgueachablis.fr\/?page_id=27#breadcrumb"},"inLanguage":"fr-FR","potentialAction":[{"@type":"ReadAction","target":["https:\/\/www.orgueachablis.fr\/?page_id=27"]}]},{"@type":"ImageObject","inLanguage":"fr-FR","@id":"https:\/\/www.orgueachablis.fr\/?page_id=27#primaryimage","url":"https:\/\/www.orgueachablis.fr\/wp-content\/uploads\/2022\/04\/Affiche-Chablis-27.10.2020.png","contentUrl":"https:\/\/www.orgueachablis.fr\/wp-content\/uploads\/2022\/04\/Affiche-Chablis-27.10.2020.png","width":602,"height":853},{"@type":"BreadcrumbList","@id":"https:\/\/www.orgueachablis.fr\/?page_id=27#breadcrumb","itemListElement":[{"@type":"ListItem","position":1,"name":"Accueil","item":"https:\/\/www.orgueachablis.fr\/"},{"@type":"ListItem","position":2,"name":"A propos"}]},{"@type":"WebSite","@id":"https:\/\/www.orgueachablis.fr\/#website","url":"https:\/\/www.orgueachablis.fr\/","name":"Orgue \u00e0 Chablis","description":"Un Festival In\u00e9dit","publisher":{"@id":"https:\/\/www.orgueachablis.fr\/#organization"},"potentialAction":[{"@type":"SearchAction","target":{"@type":"EntryPoint","urlTemplate":"https:\/\/www.orgueachablis.fr\/?s={search_term_string}"},"query-input":{"@type":"PropertyValueSpecification","valueRequired":true,"valueName":"search_term_string"}}],"inLanguage":"fr-FR"},{"@type":"Organization","@id":"https:\/\/www.orgueachablis.fr\/#organization","name":"Orgue \u00e0 Chablis","url":"https:\/\/www.orgueachablis.fr\/","logo":{"@type":"ImageObject","inLanguage":"fr-FR","@id":"https:\/\/www.orgueachablis.fr\/#\/schema\/logo\/image\/","url":"http:\/\/www.orgueachablis.fr\/wp-content\/uploads\/2022\/05\/cropped-WhatsApp-Image-2022-05-09-at-00.27.37-1.jpeg","contentUrl":"http:\/\/www.orgueachablis.fr\/wp-content\/uploads\/2022\/05\/cropped-WhatsApp-Image-2022-05-09-at-00.27.37-1.jpeg","width":1700,"height":750,"caption":"Orgue \u00e0 Chablis"},"image":{"@id":"https:\/\/www.orgueachablis.fr\/#\/schema\/logo\/image\/"},"sameAs":["https:\/\/www.facebook.com\/orgueachablis"]}]}},"_links":{"self":[{"href":"https:\/\/www.orgueachablis.fr\/index.php?rest_route=\/wp\/v2\/pages\/27","targetHints":{"allow":["GET"]}}],"collection":[{"href":"https:\/\/www.orgueachablis.fr\/index.php?rest_route=\/wp\/v2\/pages"}],"about":[{"href":"https:\/\/www.orgueachablis.fr\/index.php?rest_route=\/wp\/v2\/types\/page"}],"author":[{"embeddable":true,"href":"https:\/\/www.orgueachablis.fr\/index.php?rest_route=\/wp\/v2\/users\/1"}],"replies":[{"embeddable":true,"href":"https:\/\/www.orgueachablis.fr\/index.php?rest_route=%2Fwp%2Fv2%2Fcomments&post=27"}],"version-history":[{"count":0,"href":"https:\/\/www.orgueachablis.fr\/index.php?rest_route=\/wp\/v2\/pages\/27\/revisions"}],"wp:attachment":[{"href":"https:\/\/www.orgueachablis.fr\/index.php?rest_route=%2Fwp%2Fv2%2Fmedia&parent=27"}],"curies":[{"name":"wp","href":"https:\/\/api.w.org\/{rel}","templated":true}]}}